{"id":73,"date":"2015-03-24T12:36:58","date_gmt":"2015-03-24T12:36:58","guid":{"rendered":"http:\/\/bierbrauhaus.de\/?page_id=73"},"modified":"2021-06-17T10:09:17","modified_gmt":"2021-06-17T10:09:17","slug":"naechster-mittagstisch","status":"publish","type":"page","link":"http:\/\/bierbrauhaus.de\/?page_id=73","title":{"rendered":"Mittagstisch am Sonntag&#8230;.."},"content":{"rendered":"<h1><strong><span style=\"color: #993300;\">Gern m\u00f6chten wir auch am Sonntag wieder f\u00fcr euch das sein&#8230;. Leider k\u00f6nnen wir es noch nicht und\u00a0 haben nach der Wiederer\u00f6ffnung bis auf weiteres am Sonntag geschlossen.<\/span><\/strong><strong><span style=\"color: #993300;\"><br \/>\n<\/span><\/strong><\/h1>\n<p>Kennt ihr einen Koch\/ K\u00f6chin und jemanden, der uns im Service helfen kann? Gern stellen wir sofort Koch und Servicekraft\u00a0 im Kellergeister- Team ein und k\u00f6nnen euch dann auch wieder am Sonntag bewirten!<\/p>\n<h3><strong><span style=\"color: #993300;\">\u00a0<\/span><\/strong><\/h3>\n<p><a href=\"http:\/\/bierbrauhaus.de\/wp-content\/uploads\/2015\/03\/IMG_8516.jpg\"><img loading=\"lazy\" class=\" size-thumbnail wp-image-832 alignleft\" src=\"http:\/\/bierbrauhaus.de\/wp-content\/uploads\/2015\/03\/IMG_8516-420x280.jpg\" alt=\"IMG_8516\" width=\"420\" height=\"280\" srcset=\"http:\/\/bierbrauhaus.de\/wp-content\/uploads\/2015\/03\/IMG_8516-420x280.jpg 420w, http:\/\/bierbrauhaus.de\/wp-content\/uploads\/2015\/03\/IMG_8516-632x421.jpg 632w, http:\/\/bierbrauhaus.de\/wp-content\/uploads\/2015\/03\/IMG_8516-1020x680.jpg 1020w\" sizes=\"(max-width: 420px) 100vw, 420px\" \/><\/a><\/p>\n","protected":false},"excerpt":{"rendered":"<p>Gern m\u00f6chten wir auch am Sonntag wieder f\u00fcr euch das sein&#8230;. Leider k\u00f6nnen wir es noch nicht und\u00a0 haben nach der Wiederer\u00f6ffnung bis auf weiteres am Sonntag geschlossen. Kennt ihr einen Koch\/ K\u00f6chin und jemanden, der uns im Service helfen kann? Gern stellen wir sofort Koch und Servicekraft\u00a0 im Kellergeister- Team ein und k\u00f6nnen euch [&hellip;]<\/p>\n","protected":false},"author":1,"featured_media":0,"parent":16,"menu_order":0,"comment_status":"closed","ping_status":"closed","template":"","meta":[],"_links":{"self":[{"href":"http:\/\/bierbrauhaus.de\/index.php?rest_route=\/wp\/v2\/pages\/73"}],"collection":[{"href":"http:\/\/bierbrauhaus.de\/index.php?rest_route=\/wp\/v2\/pages"}],"about":[{"href":"http:\/\/bierbrauhaus.de\/index.php?rest_route=\/wp\/v2\/types\/page"}],"author":[{"embeddable":true,"href":"http:\/\/bierbrauhaus.de\/index.php?rest_route=\/wp\/v2\/users\/1"}],"replies":[{"embeddable":true,"href":"http:\/\/bierbrauhaus.de\/index.php?rest_route=%2Fwp%2Fv2%2Fcomments&post=73"}],"version-history":[{"count":27,"href":"http:\/\/bierbrauhaus.de\/index.php?rest_route=\/wp\/v2\/pages\/73\/revisions"}],"predecessor-version":[{"id":1585,"href":"http:\/\/bierbrauhaus.de\/index.php?rest_route=\/wp\/v2\/pages\/73\/revisions\/1585"}],"up":[{"embeddable":true,"href":"http:\/\/bierbrauhaus.de\/index.php?rest_route=\/wp\/v2\/pages\/16"}],"wp:attachment":[{"href":"http:\/\/bierbrauhaus.de\/index.php?rest_route=%2Fwp%2Fv2%2Fmedia&parent=73"}],"curies":[{"name":"wp","href":"https:\/\/api.w.org\/{rel}","templated":true}]}}