{"id":64,"date":"2015-03-24T11:55:29","date_gmt":"2015-03-24T11:55:29","guid":{"rendered":"http:\/\/bierbrauhaus.de\/?page_id=64"},"modified":"2021-06-17T10:05:00","modified_gmt":"2021-06-17T10:05:00","slug":"naechster-biertag","status":"publish","type":"page","link":"http:\/\/bierbrauhaus.de\/?page_id=64","title":{"rendered":"Mittwoch immer Biertag"},"content":{"rendered":"<h2><span style=\"color: #000000;\">Wir \u00f6ffnen jeden Mittwoch f\u00fcr Sie<\/span><\/h2>\n<h2><span style=\"color: #ff00ff;\"><span style=\"color: #000000;\">ab 17.00 Uhr zum Biertag !<\/span><br \/>\n<\/span><\/h2>\n<h2>Genie\u00dfen Sie ein selbstgebrautes Helles, einen Roten M\u00f6nch oder ein<br \/>\nDunkles Bier f\u00fcr nur 2,50 \u20ac ( 0,5 l )&#8230;. und genie\u00dfen Sie dazu unsere Brauhaus- Wurst- K\u00fcche.<\/h2>\n<h2>Ausserdem bieten wir Ihnen immer zum Biertag frischen hausgemachten Hackepeter!<\/h2>\n<p><a href=\"http:\/\/bierbrauhaus.de\/wp-content\/uploads\/2015\/03\/IMG_1250-1.jpg\"><img loading=\"lazy\" class=\"  wp-image-449 aligncenter\" src=\"http:\/\/bierbrauhaus.de\/wp-content\/uploads\/2015\/03\/IMG_1250-1-632x948.jpg\" alt=\"IMG_1250 (1)\" width=\"357\" height=\"536\" srcset=\"http:\/\/bierbrauhaus.de\/wp-content\/uploads\/2015\/03\/IMG_1250-1-632x948.jpg 632w, http:\/\/bierbrauhaus.de\/wp-content\/uploads\/2015\/03\/IMG_1250-1-1020x1530.jpg 1020w\" sizes=\"(max-width: 357px) 100vw, 357px\" \/><\/a><\/p>\n","protected":false},"excerpt":{"rendered":"<p>Wir \u00f6ffnen jeden Mittwoch f\u00fcr Sie ab 17.00 Uhr zum Biertag ! Genie\u00dfen Sie ein selbstgebrautes Helles, einen Roten M\u00f6nch oder ein Dunkles Bier f\u00fcr nur 2,50 \u20ac ( 0,5 l )&#8230;. und genie\u00dfen Sie dazu unsere Brauhaus- Wurst- K\u00fcche. Ausserdem bieten wir Ihnen immer zum Biertag frischen hausgemachten Hackepeter!<\/p>\n","protected":false},"author":1,"featured_media":0,"parent":16,"menu_order":0,"comment_status":"closed","ping_status":"closed","template":"","meta":[],"_links":{"self":[{"href":"http:\/\/bierbrauhaus.de\/index.php?rest_route=\/wp\/v2\/pages\/64"}],"collection":[{"href":"http:\/\/bierbrauhaus.de\/index.php?rest_route=\/wp\/v2\/pages"}],"about":[{"href":"http:\/\/bierbrauhaus.de\/index.php?rest_route=\/wp\/v2\/types\/page"}],"author":[{"embeddable":true,"href":"http:\/\/bierbrauhaus.de\/index.php?rest_route=\/wp\/v2\/users\/1"}],"replies":[{"embeddable":true,"href":"http:\/\/bierbrauhaus.de\/index.php?rest_route=%2Fwp%2Fv2%2Fcomments&post=64"}],"version-history":[{"count":37,"href":"http:\/\/bierbrauhaus.de\/index.php?rest_route=\/wp\/v2\/pages\/64\/revisions"}],"predecessor-version":[{"id":1583,"href":"http:\/\/bierbrauhaus.de\/index.php?rest_route=\/wp\/v2\/pages\/64\/revisions\/1583"}],"up":[{"embeddable":true,"href":"http:\/\/bierbrauhaus.de\/index.php?rest_route=\/wp\/v2\/pages\/16"}],"wp:attachment":[{"href":"http:\/\/bierbrauhaus.de\/index.php?rest_route=%2Fwp%2Fv2%2Fmedia&parent=64"}],"curies":[{"name":"wp","href":"https:\/\/api.w.org\/{rel}","templated":true}]}}