{"id":54,"date":"2015-03-24T11:38:08","date_gmt":"2015-03-24T11:38:08","guid":{"rendered":"http:\/\/bierbrauhaus.de\/?page_id=54"},"modified":"2015-03-26T10:21:52","modified_gmt":"2015-03-26T10:21:52","slug":"brauen","status":"publish","type":"page","link":"http:\/\/bierbrauhaus.de\/?page_id=54","title":{"rendered":"Brauen"},"content":{"rendered":"<div id=\"attachment_119\" style=\"width: 440px\" class=\"wp-caption aligncenter\"><a href=\"http:\/\/bierbrauhaus.de\/wp-content\/uploads\/2015\/03\/IMG_7144.jpg\"><img aria-describedby=\"caption-attachment-119\" loading=\"lazy\" class=\"wp-image-119\" src=\"http:\/\/bierbrauhaus.de\/wp-content\/uploads\/2015\/03\/IMG_7144-632x421.jpg\" alt=\"IMG_7144\" width=\"430\" height=\"287\" srcset=\"http:\/\/bierbrauhaus.de\/wp-content\/uploads\/2015\/03\/IMG_7144-632x421.jpg 632w, http:\/\/bierbrauhaus.de\/wp-content\/uploads\/2015\/03\/IMG_7144-420x280.jpg 420w, http:\/\/bierbrauhaus.de\/wp-content\/uploads\/2015\/03\/IMG_7144-1020x680.jpg 1020w\" sizes=\"(max-width: 430px) 100vw, 430px\" \/><\/a><p id=\"caption-attachment-119\" class=\"wp-caption-text\">Klick f\u00fcr Gro\u00dfformat<\/p><\/div>\n<h3 style=\"text-align: center;\"><span style=\"color: #993300;\"><strong>Der Kessel dampft \u2013 die Suppe brodelt.<\/strong><\/span><br \/>\n<span style=\"color: #993300;\"> <strong> Im Brauhaus sind die F\u00e4sser leer.<\/strong><\/span><br \/>\n<span style=\"color: #993300;\"> <strong> Der Kellergeist tr\u00e4umt noch und jodelt.<\/strong><\/span><br \/>\n<span style=\"color: #993300;\"> <strong> Doch neuer Gerstensaft muss her.<\/strong><\/span><\/h3>\n<h3 style=\"text-align: center;\"><span style=\"color: #993300;\"><strong>Das Geheimnis des Brauens kenn der Magister genau,<\/strong><\/span><br \/>\n<span style=\"color: #993300;\"> <strong> nennt Klosterbr\u00e4u den besten Tropfen.<\/strong><\/span><br \/>\n<span style=\"color: #993300;\"> <strong> Er \u00f6ffnet den Keller heut zur Schau,<\/strong><\/span><br \/>\n<span style=\"color: #993300;\"> <strong> nimmt Wasser, Gerste, Malz und Hopfen.<\/strong><\/span><\/h3>\n<h3 style=\"text-align: center;\"><span style=\"color: #993300;\"><strong>Willst du das Bier entstehen sehn<\/strong><\/span><br \/>\n<span style=\"color: #993300;\"> <strong> und einmal Braugeselle sein,<\/strong><\/span><br \/>\n<span style=\"color: #993300;\"> <strong> dann musst du in das Brauhaus gehen.<\/strong><\/span><br \/>\n<span style=\"color: #993300;\"> <strong> Der Magister weiht dich gerne ein.<\/strong><\/span><\/h3>\n<h3 style=\"text-align: center;\"><span style=\"color: #993300;\"><strong>Erlebe mit ihm die Braumagie.<\/strong><\/span><br \/>\n<span style=\"color: #993300;\"> <strong> F\u00fchl dich wie die Kellergeister.<\/strong><\/span><br \/>\n<span style=\"color: #993300;\"> <strong> Genie\u00dfe dazu ein gutes Men\u00fc.<\/strong><\/span><br \/>\n<span style=\"color: #993300;\"> <strong> Vielleicht wirst du auch Bierbraumeister?<\/strong><\/span><\/h3>\n<p>&nbsp;<\/p>\n<p style=\"text-align: right;\"><strong>Brauevent buchbar unter:<\/strong><br \/>\n<strong> 035938 57684 \/ 01729377649\/ braumeister@bierbrauhaus.de<\/strong><\/p>\n","protected":false},"excerpt":{"rendered":"<p>Der Kessel dampft \u2013 die Suppe brodelt. Im Brauhaus sind die F\u00e4sser leer. Der Kellergeist tr\u00e4umt noch und jodelt. Doch neuer Gerstensaft muss her. Das Geheimnis des Brauens kenn der Magister genau, nennt Klosterbr\u00e4u den besten Tropfen. Er \u00f6ffnet den Keller heut zur Schau, nimmt Wasser, Gerste, Malz und Hopfen. Willst du das Bier entstehen [&hellip;]<\/p>\n","protected":false},"author":1,"featured_media":0,"parent":31,"menu_order":0,"comment_status":"closed","ping_status":"closed","template":"","meta":[],"_links":{"self":[{"href":"http:\/\/bierbrauhaus.de\/index.php?rest_route=\/wp\/v2\/pages\/54"}],"collection":[{"href":"http:\/\/bierbrauhaus.de\/index.php?rest_route=\/wp\/v2\/pages"}],"about":[{"href":"http:\/\/bierbrauhaus.de\/index.php?rest_route=\/wp\/v2\/types\/page"}],"author":[{"embeddable":true,"href":"http:\/\/bierbrauhaus.de\/index.php?rest_route=\/wp\/v2\/users\/1"}],"replies":[{"embeddable":true,"href":"http:\/\/bierbrauhaus.de\/index.php?rest_route=%2Fwp%2Fv2%2Fcomments&post=54"}],"version-history":[{"count":16,"href":"http:\/\/bierbrauhaus.de\/index.php?rest_route=\/wp\/v2\/pages\/54\/revisions"}],"predecessor-version":[{"id":293,"href":"http:\/\/bierbrauhaus.de\/index.php?rest_route=\/wp\/v2\/pages\/54\/revisions\/293"}],"up":[{"embeddable":true,"href":"http:\/\/bierbrauhaus.de\/index.php?rest_route=\/wp\/v2\/pages\/31"}],"wp:attachment":[{"href":"http:\/\/bierbrauhaus.de\/index.php?rest_route=%2Fwp%2Fv2%2Fmedia&parent=54"}],"curies":[{"name":"wp","href":"https:\/\/api.w.org\/{rel}","templated":true}]}}