{"id":52,"date":"2015-03-24T11:37:25","date_gmt":"2015-03-24T11:37:25","guid":{"rendered":"http:\/\/bierbrauhaus.de\/?page_id=52"},"modified":"2015-03-26T10:21:14","modified_gmt":"2015-03-26T10:21:14","slug":"kueche","status":"publish","type":"page","link":"http:\/\/bierbrauhaus.de\/?page_id=52","title":{"rendered":"K\u00fcche"},"content":{"rendered":"<div id=\"attachment_35\" style=\"width: 440px\" class=\"wp-caption aligncenter\"><a href=\"http:\/\/bierbrauhaus.de\/wp-content\/uploads\/2015\/03\/Schlachtplatte1.jpg\"><img aria-describedby=\"caption-attachment-35\" loading=\"lazy\" class=\"wp-image-35\" src=\"http:\/\/bierbrauhaus.de\/wp-content\/uploads\/2015\/03\/Schlachtplatte1-632x474.jpg\" alt=\"Schlachtplatte1\" width=\"430\" height=\"323\" srcset=\"http:\/\/bierbrauhaus.de\/wp-content\/uploads\/2015\/03\/Schlachtplatte1-632x474.jpg 632w, http:\/\/bierbrauhaus.de\/wp-content\/uploads\/2015\/03\/Schlachtplatte1-1020x765.jpg 1020w\" sizes=\"(max-width: 430px) 100vw, 430px\" \/><\/a><p id=\"caption-attachment-35\" class=\"wp-caption-text\">Klick f\u00fcr Gro\u00dfformat<\/p><\/div>\n<p>&nbsp;<\/p>\n<h3 style=\"text-align: center;\"><span style=\"color: #993300;\"><strong>Gutes Essen macht gl\u00fccklich \u2013 wie du wei\u00dft,<\/strong><\/span><br \/>\n<span style=\"color: #993300;\"> <strong> daf\u00fcr steht unser K\u00fcchenkellergeist!<\/strong><\/span><br \/>\n<span style=\"color: #993300;\"> <strong> Wir haben uns zum Ziel genommmen,<\/strong><\/span><br \/>\n<span style=\"color: #993300;\"> <strong> Langweiliges darf nicht auf den Teller kommen.<\/strong><\/span><br \/>\n<span style=\"color: #993300;\"> <strong> Ob urig, ob klassisch, ob meditterran,<\/strong><\/span><br \/>\n<span style=\"color: #993300;\"> <strong> unser K\u00fcchengeist ist einer, der alles kann.<\/strong><\/span><\/h3>\n<h3 style=\"text-align: center;\"><span style=\"color: #993300;\"><strong>Rund um das Bier haben wir viel kreiert,<\/strong><\/span><br \/>\n<span style=\"color: #993300;\"> <strong> ein Narr, wer das nicht einmal probiert.<\/strong><\/span><\/h3>\n<h3 style=\"text-align: center;\"><span style=\"color: #993300;\"><strong>Es gibt Gesundes, Deftiges,. Neues und mehr&#8230;<\/strong><\/span><br \/>\n<span style=\"color: #993300;\"> <strong> Seid neugierig und kommt einfach mal her!!<\/strong><\/span><\/h3>\n<p style=\"text-align: right;\"><strong>Kennt ihr schon:<\/strong><\/p>\n<p style=\"text-align: right;\"><strong>Malzus Schnitzel<\/strong><br \/>\n<strong> Braumeistertorte<\/strong><br \/>\n<strong> Bierbraten<\/strong><br \/>\n<strong> Hutfleisch<\/strong><br \/>\n<strong> Bierius Spie\u00df<\/strong><br \/>\n<strong> oder unsere hauseigenen R\u00e4ucherwaren???????<\/strong><\/p>\n","protected":false},"excerpt":{"rendered":"<p>&nbsp; Gutes Essen macht gl\u00fccklich \u2013 wie du wei\u00dft, daf\u00fcr steht unser K\u00fcchenkellergeist! Wir haben uns zum Ziel genommmen, Langweiliges darf nicht auf den Teller kommen. Ob urig, ob klassisch, ob meditterran, unser K\u00fcchengeist ist einer, der alles kann. Rund um das Bier haben wir viel kreiert, ein Narr, wer das nicht einmal probiert. Es [&hellip;]<\/p>\n","protected":false},"author":1,"featured_media":0,"parent":31,"menu_order":0,"comment_status":"closed","ping_status":"closed","template":"","meta":[],"_links":{"self":[{"href":"http:\/\/bierbrauhaus.de\/index.php?rest_route=\/wp\/v2\/pages\/52"}],"collection":[{"href":"http:\/\/bierbrauhaus.de\/index.php?rest_route=\/wp\/v2\/pages"}],"about":[{"href":"http:\/\/bierbrauhaus.de\/index.php?rest_route=\/wp\/v2\/types\/page"}],"author":[{"embeddable":true,"href":"http:\/\/bierbrauhaus.de\/index.php?rest_route=\/wp\/v2\/users\/1"}],"replies":[{"embeddable":true,"href":"http:\/\/bierbrauhaus.de\/index.php?rest_route=%2Fwp%2Fv2%2Fcomments&post=52"}],"version-history":[{"count":7,"href":"http:\/\/bierbrauhaus.de\/index.php?rest_route=\/wp\/v2\/pages\/52\/revisions"}],"predecessor-version":[{"id":292,"href":"http:\/\/bierbrauhaus.de\/index.php?rest_route=\/wp\/v2\/pages\/52\/revisions\/292"}],"up":[{"embeddable":true,"href":"http:\/\/bierbrauhaus.de\/index.php?rest_route=\/wp\/v2\/pages\/31"}],"wp:attachment":[{"href":"http:\/\/bierbrauhaus.de\/index.php?rest_route=%2Fwp%2Fv2%2Fmedia&parent=52"}],"curies":[{"name":"wp","href":"https:\/\/api.w.org\/{rel}","templated":true}]}}