{"id":46,"date":"2015-03-24T11:34:43","date_gmt":"2015-03-24T11:34:43","guid":{"rendered":"http:\/\/bierbrauhaus.de\/?page_id=46"},"modified":"2015-03-26T10:19:29","modified_gmt":"2015-03-26T10:19:29","slug":"brennstube","status":"publish","type":"page","link":"http:\/\/bierbrauhaus.de\/?page_id=46","title":{"rendered":"Brennstube"},"content":{"rendered":"<div id=\"attachment_115\" style=\"width: 440px\" class=\"wp-caption aligncenter\"><a href=\"http:\/\/bierbrauhaus.de\/wp-content\/uploads\/2015\/03\/IMG_8508.jpg\"><img aria-describedby=\"caption-attachment-115\" loading=\"lazy\" class=\"  wp-image-115\" src=\"http:\/\/bierbrauhaus.de\/wp-content\/uploads\/2015\/03\/IMG_8508-632x421.jpg\" alt=\"IMG_8508\" width=\"430\" height=\"287\" srcset=\"http:\/\/bierbrauhaus.de\/wp-content\/uploads\/2015\/03\/IMG_8508-632x421.jpg 632w, http:\/\/bierbrauhaus.de\/wp-content\/uploads\/2015\/03\/IMG_8508-420x280.jpg 420w, http:\/\/bierbrauhaus.de\/wp-content\/uploads\/2015\/03\/IMG_8508-1020x680.jpg 1020w\" sizes=\"(max-width: 430px) 100vw, 430px\" \/><\/a><p id=\"caption-attachment-115\" class=\"wp-caption-text\">Klick f\u00fcr Gro\u00dfformat<\/p><\/div>\n<p>&nbsp;<\/p>\n<h3 style=\"text-align: center;\"><span style=\"color: #993300;\"><strong>Im Brennst\u00fcbel ist es richtig hei\u00df,<\/strong><\/span><br \/>\n<span style=\"color: #993300;\"> <strong> warum wohl soll es heut so sein?<\/strong><\/span><br \/>\n<span style=\"color: #993300;\"> <strong> Der Kellergeist, der dieses wei\u00df,<\/strong><\/span><br \/>\n<span style=\"color: #993300;\"> <strong> der heizt den Hausbrand Kessel ein.<\/strong><\/span><\/h3>\n<h3 style=\"text-align: center;\"><span style=\"color: #993300;\"><strong>Ein lecker Brand wird hier entstehen,<\/strong><\/span><br \/>\n<span style=\"color: #993300;\"> <strong> den kann man auch vor Ort probieren.<\/strong><\/span><br \/>\n<span style=\"color: #993300;\"> <strong> Beim Brennen dem Meister auf die Finger sehn<\/strong><\/span><br \/>\n<span style=\"color: #993300;\"> <strong> und alles Wissenswerte dar\u00fcber studieren.<\/strong><\/span><\/h3>\n<h3 style=\"text-align: center;\"><span style=\"color: #993300;\"><strong>Ganz viele Sorten sind\u00a0 dabei,<\/strong><\/span><br \/>\n<span style=\"color: #993300;\"> <strong> von Obst- Arten und anderen Dingen<\/strong><\/span><br \/>\n<span style=\"color: #993300;\"> <strong> in unserer hauseigenen Verschlussbrennerei<\/strong><\/span><br \/>\n<span style=\"color: #993300;\"> <strong> kann man auch gem\u00fctliche Stunden verbringen.<\/strong><\/span><\/h3>\n<h3><\/h3>\n<p style=\"text-align: right;\"><strong>Ge\u00f6ffnet<\/strong><br \/>\n<strong> Schaubrennerei jeden Freitag und nach Terminvereinbarung<\/strong><br \/>\n<strong> Lohnbrand von ihren eigenen Fr\u00fcchten<\/strong><br \/>\n<strong> F\u00fchrung zur Brandherstellung<\/strong><\/p>\n","protected":false},"excerpt":{"rendered":"<p>&nbsp; Im Brennst\u00fcbel ist es richtig hei\u00df, warum wohl soll es heut so sein? Der Kellergeist, der dieses wei\u00df, der heizt den Hausbrand Kessel ein. Ein lecker Brand wird hier entstehen, den kann man auch vor Ort probieren. Beim Brennen dem Meister auf die Finger sehn und alles Wissenswerte dar\u00fcber studieren. Ganz viele Sorten sind\u00a0 [&hellip;]<\/p>\n","protected":false},"author":1,"featured_media":0,"parent":31,"menu_order":0,"comment_status":"closed","ping_status":"closed","template":"","meta":[],"_links":{"self":[{"href":"http:\/\/bierbrauhaus.de\/index.php?rest_route=\/wp\/v2\/pages\/46"}],"collection":[{"href":"http:\/\/bierbrauhaus.de\/index.php?rest_route=\/wp\/v2\/pages"}],"about":[{"href":"http:\/\/bierbrauhaus.de\/index.php?rest_route=\/wp\/v2\/types\/page"}],"author":[{"embeddable":true,"href":"http:\/\/bierbrauhaus.de\/index.php?rest_route=\/wp\/v2\/users\/1"}],"replies":[{"embeddable":true,"href":"http:\/\/bierbrauhaus.de\/index.php?rest_route=%2Fwp%2Fv2%2Fcomments&post=46"}],"version-history":[{"count":9,"href":"http:\/\/bierbrauhaus.de\/index.php?rest_route=\/wp\/v2\/pages\/46\/revisions"}],"predecessor-version":[{"id":289,"href":"http:\/\/bierbrauhaus.de\/index.php?rest_route=\/wp\/v2\/pages\/46\/revisions\/289"}],"up":[{"embeddable":true,"href":"http:\/\/bierbrauhaus.de\/index.php?rest_route=\/wp\/v2\/pages\/31"}],"wp:attachment":[{"href":"http:\/\/bierbrauhaus.de\/index.php?rest_route=%2Fwp%2Fv2%2Fmedia&parent=46"}],"curies":[{"name":"wp","href":"https:\/\/api.w.org\/{rel}","templated":true}]}}