{"id":37,"date":"2015-03-24T11:11:24","date_gmt":"2015-03-24T11:11:24","guid":{"rendered":"http:\/\/bierbrauhaus.de\/?page_id=37"},"modified":"2015-03-26T10:19:08","modified_gmt":"2015-03-26T10:19:08","slug":"gastraum","status":"publish","type":"page","link":"http:\/\/bierbrauhaus.de\/?page_id=37","title":{"rendered":"Gastraum"},"content":{"rendered":"<div id=\"attachment_33\" style=\"width: 440px\" class=\"wp-caption aligncenter\"><a href=\"http:\/\/bierbrauhaus.de\/wp-content\/uploads\/2015\/03\/Gastraum_Internet1.jpg\"><img aria-describedby=\"caption-attachment-33\" loading=\"lazy\" class=\"  wp-image-33\" src=\"http:\/\/bierbrauhaus.de\/wp-content\/uploads\/2015\/03\/Gastraum_Internet1-632x421.jpg\" alt=\"Gastraum_Internet\" width=\"430\" height=\"287\" srcset=\"http:\/\/bierbrauhaus.de\/wp-content\/uploads\/2015\/03\/Gastraum_Internet1-632x421.jpg 632w, http:\/\/bierbrauhaus.de\/wp-content\/uploads\/2015\/03\/Gastraum_Internet1-420x280.jpg 420w, http:\/\/bierbrauhaus.de\/wp-content\/uploads\/2015\/03\/Gastraum_Internet1-1020x680.jpg 1020w\" sizes=\"(max-width: 430px) 100vw, 430px\" \/><\/a><p id=\"caption-attachment-33\" class=\"wp-caption-text\">Klick f\u00fcr Gro\u00dfformat<\/p><\/div>\n<p>&nbsp;<\/p>\n<h3 style=\"text-align: center;\"><\/h3>\n<h3 style=\"text-align: center;\"><span style=\"color: #993300;\"><strong>Komm her, tritt ein und lass dich verw\u00f6hnen,<\/strong><\/span><br \/>\n<span style=\"color: #993300;\"> <strong> mit Freunden, Familie, Firma, Verein&#8230;<\/strong><\/span><br \/>\n<span style=\"color: #993300;\"> <strong> Hier kannst du genie\u00dfen<\/strong><\/span><br \/>\n<span style=\"color: #993300;\"> <strong> bei so vielem Sch\u00f6nen,<\/strong><\/span><br \/>\n<span style=\"color: #993300;\"> <strong> es ist ein Erlebnis,<\/strong><\/span><br \/>\n<span style=\"color: #993300;\"> <strong> unser Gast zu sein!<\/strong><\/span><\/h3>\n<h3 style=\"text-align: center;\"><span style=\"color: #993300;\"><strong>Nat\u00fcrliche Gem\u00fctlichkeit l\u00e4dt dazu ein,<\/strong><\/span><br \/>\n<span style=\"color: #993300;\"> <strong> den Tag zu genie\u00dfen und zu verweilen,<\/strong><\/span><br \/>\n<span style=\"color: #993300;\"> <strong> am Thresen ein Bier, Schnaps oder Wein<\/strong><\/span><br \/>\n<span style=\"color: #993300;\"> <strong> kann man mit guten Freunden teilen.<\/strong><\/span><\/h3>\n<h3 style=\"text-align: center;\"><span style=\"color: #993300;\"><strong>Auch die Familie feiert hier gern,<\/strong><\/span><br \/>\n<span style=\"color: #993300;\"> <strong> an gro\u00dfen Tafeln gem\u00fctliche Stunden,<\/strong><\/span><br \/>\n<span style=\"color: #993300;\"> <strong> egal ob ihr kommt aus Nah oder Fern,<\/strong><\/span><br \/>\n<span style=\"color: #993300;\"> <strong> unser Angebot wird euch allen munden.<\/strong><\/span><\/h3>\n<h3 style=\"text-align: center;\"><span style=\"color: #993300;\"><strong>Und will auch die Firma mal feiern gehn,<\/strong><\/span><br \/>\n<span style=\"color: #993300;\"> <strong> dann seid ihr hier richtig, im Bierbrauhaus.<\/strong><\/span><br \/>\n<span style=\"color: #993300;\"> <strong> Ob gro\u00dfe Party, ob kleines Fest,<\/strong><\/span><br \/>\n<span style=\"color: #993300;\"> <strong> die Kellergeister machen ein Erlebnis daraus.<\/strong><\/span><\/h3>\n<p><span style=\"color: #993300;\">\u00a0<\/span><\/p>\n<p style=\"text-align: right;\"><strong>Buchbar f\u00fcr Feiern jeglicher Art ab 20 Personen, fragen Sie uns:<\/strong><br \/>\n<strong> 035938 57684 \/01729377649\/ braumeister@bierbrauhaus.de<\/strong><\/p>\n","protected":false},"excerpt":{"rendered":"<p>&nbsp; Komm her, tritt ein und lass dich verw\u00f6hnen, mit Freunden, Familie, Firma, Verein&#8230; Hier kannst du genie\u00dfen bei so vielem Sch\u00f6nen, es ist ein Erlebnis, unser Gast zu sein! Nat\u00fcrliche Gem\u00fctlichkeit l\u00e4dt dazu ein, den Tag zu genie\u00dfen und zu verweilen, am Thresen ein Bier, Schnaps oder Wein kann man mit guten Freunden teilen. [&hellip;]<\/p>\n","protected":false},"author":1,"featured_media":0,"parent":31,"menu_order":0,"comment_status":"closed","ping_status":"closed","template":"","meta":[],"_links":{"self":[{"href":"http:\/\/bierbrauhaus.de\/index.php?rest_route=\/wp\/v2\/pages\/37"}],"collection":[{"href":"http:\/\/bierbrauhaus.de\/index.php?rest_route=\/wp\/v2\/pages"}],"about":[{"href":"http:\/\/bierbrauhaus.de\/index.php?rest_route=\/wp\/v2\/types\/page"}],"author":[{"embeddable":true,"href":"http:\/\/bierbrauhaus.de\/index.php?rest_route=\/wp\/v2\/users\/1"}],"replies":[{"embeddable":true,"href":"http:\/\/bierbrauhaus.de\/index.php?rest_route=%2Fwp%2Fv2%2Fcomments&post=37"}],"version-history":[{"count":12,"href":"http:\/\/bierbrauhaus.de\/index.php?rest_route=\/wp\/v2\/pages\/37\/revisions"}],"predecessor-version":[{"id":288,"href":"http:\/\/bierbrauhaus.de\/index.php?rest_route=\/wp\/v2\/pages\/37\/revisions\/288"}],"up":[{"embeddable":true,"href":"http:\/\/bierbrauhaus.de\/index.php?rest_route=\/wp\/v2\/pages\/31"}],"wp:attachment":[{"href":"http:\/\/bierbrauhaus.de\/index.php?rest_route=%2Fwp%2Fv2%2Fmedia&parent=37"}],"curies":[{"name":"wp","href":"https:\/\/api.w.org\/{rel}","templated":true}]}}