{"id":343,"date":"2015-03-26T12:44:44","date_gmt":"2015-03-26T12:44:44","guid":{"rendered":"http:\/\/bierbrauhaus.de\/?page_id=343"},"modified":"2020-08-05T12:13:22","modified_gmt":"2020-08-05T12:13:22","slug":"mongoliegrill","status":"publish","type":"page","link":"http:\/\/bierbrauhaus.de\/?page_id=343","title":{"rendered":"Mongoliegrill"},"content":{"rendered":"<h3 style=\"text-align: center;\">Es heisst, der Mongolie- Grill ist eine Entwicklung von<br \/>\ntaiwanesischen Restaurants in den 70- iger Jahren.<br \/>\nTrotz des Namens ist diese K\u00fcche nicht mongolischen Ursprunges<br \/>\nund hat auch wenig mit einem typischen Grill zu tun&#8230;..<\/h3>\n<h3 style=\"text-align: center;\">&#8230;andere sagen, dass Soldaten des mongolischen Reiches ihr Essen<br \/>\nmit Schwertern in kleine St\u00fccke schlugen und auf ihren<br \/>\nSchilden \u00fcber einem Kamin kochten&#8230;.<\/h3>\n<h3><\/h3>\n<h3 style=\"text-align: center;\"><\/h3>\n<h3 style=\"text-align: center;\">Wir bieten Ihnen f\u00fcr Ihre Feier den<br \/>\n<strong><span style=\"color: #993300;\">Mongiliegrill der Kellergeister<\/span><\/strong> an, bei dem Sie ausger\u00fcstet<br \/>\nmit Sch\u00fcrze und Maurerkelle ihr Men\u00fc selbst zubereiten k\u00f6nnen.<\/h3>\n<h3 style=\"text-align: center;\">Wir servieren Ihnen ein Buffet mit roh\/ marinierten und portionierten<br \/>\nZutaten von Fleisch, Gem\u00fcse, Fisch, Beilagen, So\u00dfen, Gew\u00fcrzen, Marinaden<br \/>\nund lassen damit Ihrer Kreativit\u00e4t freien Lauf.<\/h3>\n<h3 style=\"text-align: center;\">Sie stellen sich Ihr Men\u00fc immer wieder selbst zusammen, w\u00fcrzen und<br \/>\nbrutzeln es am Mongolie Grill , so lange, bis Sie satt sind.<\/h3>\n<h2 style=\"text-align: center;\"><strong>Preis pro Person 18,00 \u20ac<br \/>\n<\/strong><\/h2>\n<p>(Neukalkulation bei besonderen Zutaten vorbehalten)<\/p>\n<h2>Download:<a href=\"http:\/\/bierbrauhaus.de\/wp-content\/uploads\/2020\/08\/Mongoliegrill_2020.pdf\">Mongoliegrill_2020<\/a><\/h2>\n","protected":false},"excerpt":{"rendered":"<p>Es heisst, der Mongolie- Grill ist eine Entwicklung von taiwanesischen Restaurants in den 70- iger Jahren. Trotz des Namens ist diese K\u00fcche nicht mongolischen Ursprunges und hat auch wenig mit einem typischen Grill zu tun&#8230;.. &#8230;andere sagen, dass Soldaten des mongolischen Reiches ihr Essen mit Schwertern in kleine St\u00fccke schlugen und auf ihren Schilden \u00fcber [&hellip;]<\/p>\n","protected":false},"author":1,"featured_media":0,"parent":312,"menu_order":0,"comment_status":"closed","ping_status":"closed","template":"","meta":[],"_links":{"self":[{"href":"http:\/\/bierbrauhaus.de\/index.php?rest_route=\/wp\/v2\/pages\/343"}],"collection":[{"href":"http:\/\/bierbrauhaus.de\/index.php?rest_route=\/wp\/v2\/pages"}],"about":[{"href":"http:\/\/bierbrauhaus.de\/index.php?rest_route=\/wp\/v2\/types\/page"}],"author":[{"embeddable":true,"href":"http:\/\/bierbrauhaus.de\/index.php?rest_route=\/wp\/v2\/users\/1"}],"replies":[{"embeddable":true,"href":"http:\/\/bierbrauhaus.de\/index.php?rest_route=%2Fwp%2Fv2%2Fcomments&post=343"}],"version-history":[{"count":14,"href":"http:\/\/bierbrauhaus.de\/index.php?rest_route=\/wp\/v2\/pages\/343\/revisions"}],"predecessor-version":[{"id":1376,"href":"http:\/\/bierbrauhaus.de\/index.php?rest_route=\/wp\/v2\/pages\/343\/revisions\/1376"}],"up":[{"embeddable":true,"href":"http:\/\/bierbrauhaus.de\/index.php?rest_route=\/wp\/v2\/pages\/312"}],"wp:attachment":[{"href":"http:\/\/bierbrauhaus.de\/index.php?rest_route=%2Fwp%2Fv2%2Fmedia&parent=343"}],"curies":[{"name":"wp","href":"https:\/\/api.w.org\/{rel}","templated":true}]}}