{"id":337,"date":"2015-03-26T12:15:50","date_gmt":"2015-03-26T12:15:50","guid":{"rendered":"http:\/\/bierbrauhaus.de\/?page_id=337"},"modified":"2020-08-05T12:11:23","modified_gmt":"2020-08-05T12:11:23","slug":"bosseln","status":"publish","type":"page","link":"http:\/\/bierbrauhaus.de\/?page_id=337","title":{"rendered":"Bo\u00dfeln &#8211; norddeutsches Strassenkegeln&#8230;"},"content":{"rendered":"<h2 style=\"text-align: center;\"><span style=\"text-decoration: underline;\"><span style=\"color: #993300; text-decoration: underline;\">Das Bo\u00dfeln<\/span><\/span><\/h2>\n<h3 style=\"text-align: center;\">ist eine alte norddeutsche Sportart mit vielen Vorz\u00fcgen:<br \/>\nBo\u00dfeln kann man bei jedem Wetter, in jedem Alter und mit beliebig vielen Freunden.<br \/>\nDurch gem\u00fctliches Wandern entdeckt der Bo\u00dfeler ganz nebenbei die Natur, die ihn umgibt.<br \/>\nDie L\u00e4nge der Bo\u00dfelstrecke bestimmt man selbst,<br \/>\nwir bo\u00dfeln auf dem Radwanderweg bis nach Gro\u00dfpostwitz.<\/h3>\n<h2 style=\"text-align: center;\"><span style=\"text-decoration: underline;\"><span style=\"color: #993300; text-decoration: underline;\">Die Bo\u00dfelregeln<\/span><\/span><\/h2>\n<h3 style=\"text-align: center;\">Das Bo\u00dfeln ist ein Wurfspiel, das leicht zu erlernen ist.<br \/>\nEine Kugel (ca. 1 kg) wird m\u00f6glichst weit geworfen oder gerollt.<br \/>\nDabei wird eine vorher festgelegte Strecke von 1- 4 km<br \/>\nmit m\u00f6glichst wenig W\u00fcrfen zur\u00fcckgelegt.<br \/>\nZwei oder mehr Mannschaften spielen gegeneinander.<br \/>\nDer Wettkampf beginnt mit dem Wurf der jeweils ersten Werfer einer jeden Mannschaft.<br \/>\nDer zweite und die folgenden Spieler werfen jeweils von der Stelle ab,<br \/>\nan der die Kugel nach dem Wurf des vorherigen Spielers der eigenen Mannschaft liegengeblieben ist.<br \/>\nDie Mannschaft, deren Kugel am weitesten zur\u00fcckliegt, wirft jeweils zuerst.<br \/>\nGewonnen hat die Mannschaft, die mit den wenigsten W\u00fcrfen die Wegstrecke \u00fcberwunden hat.<\/h3>\n<h2 style=\"text-align: center;\"><span style=\"text-decoration: underline;\"><span style=\"color: #993300; text-decoration: underline;\">Leg ut und freu herut !<\/span><\/span><\/h2>\n<p style=\"text-align: center;\">(legt auf und freut euch drauf)<\/p>\n<h3 style=\"text-align: center;\">Nach ca. 1,5 \u2013 2 Stunden kommt man wieder am Bierbrauhaus an.<\/h3>\n<h3 style=\"text-align: center;\">Es gibt ein Essen f\u00fcr alle Sportler und eine Siegerehrung mit Urkunden und kleinen Preisen.<\/h3>\n<h3 style=\"text-align: center;\">Z\u00fcnftig wird diese Sportart im Winter ausge\u00fcbt, da geh\u00f6rt ein deftiges Gr\u00fcnkohlessen mit Pinkel (Wurst aus Norddeutschland) dazu.<\/h3>\n<h3 style=\"text-align: center;\">Wir bieten Ihnen das Bo\u00dfeln zu jeder Jahreszeit an, das st\u00e4rkende Essen danach kann auf Ihre W\u00fcnsche abgestimmt werden.<\/h3>\n<h2 style=\"text-align: center;\"><strong>Preis pro Person inkl. Essen und Bo\u00dfelpaket\u00a0\u00a0 20,00 \u20ac<\/strong><\/h2>\n<h2 style=\"text-align: center;\"><strong>Preis pro Person nur Bo\u00dfelpaket\u00a0\u00a0\u00a0\u00a0\u00a0\u00a0\u00a0\u00a0\u00a0\u00a0\u00a0\u00a0\u00a0\u00a0\u00a0\u00a0\u00a0\u00a0\u00a0\u00a0\u00a0\u00a0\u00a0\u00a0\u00a0\u00a0\u00a0\u00a0 8,00 \u20ac<\/strong><\/h2>\n<p style=\"text-align: center;\">Gern auf f\u00fcr Schulklassen oder Sportvereine in vorheriger Absprache ( Gruppenpreise m\u00f6glich)<\/p>\n<h2 style=\"text-align: left;\"><strong>Download: <a href=\"http:\/\/bierbrauhaus.de\/wp-content\/uploads\/2015\/03\/Bosseln_2017.odg\">Bosseln_2020<\/a> <\/strong><\/h2>\n","protected":false},"excerpt":{"rendered":"<p>Das Bo\u00dfeln ist eine alte norddeutsche Sportart mit vielen Vorz\u00fcgen: Bo\u00dfeln kann man bei jedem Wetter, in jedem Alter und mit beliebig vielen Freunden. Durch gem\u00fctliches Wandern entdeckt der Bo\u00dfeler ganz nebenbei die Natur, die ihn umgibt. Die L\u00e4nge der Bo\u00dfelstrecke bestimmt man selbst, wir bo\u00dfeln auf dem Radwanderweg bis nach Gro\u00dfpostwitz. Die Bo\u00dfelregeln Das [&hellip;]<\/p>\n","protected":false},"author":1,"featured_media":0,"parent":312,"menu_order":0,"comment_status":"closed","ping_status":"closed","template":"","meta":[],"_links":{"self":[{"href":"http:\/\/bierbrauhaus.de\/index.php?rest_route=\/wp\/v2\/pages\/337"}],"collection":[{"href":"http:\/\/bierbrauhaus.de\/index.php?rest_route=\/wp\/v2\/pages"}],"about":[{"href":"http:\/\/bierbrauhaus.de\/index.php?rest_route=\/wp\/v2\/types\/page"}],"author":[{"embeddable":true,"href":"http:\/\/bierbrauhaus.de\/index.php?rest_route=\/wp\/v2\/users\/1"}],"replies":[{"embeddable":true,"href":"http:\/\/bierbrauhaus.de\/index.php?rest_route=%2Fwp%2Fv2%2Fcomments&post=337"}],"version-history":[{"count":9,"href":"http:\/\/bierbrauhaus.de\/index.php?rest_route=\/wp\/v2\/pages\/337\/revisions"}],"predecessor-version":[{"id":1371,"href":"http:\/\/bierbrauhaus.de\/index.php?rest_route=\/wp\/v2\/pages\/337\/revisions\/1371"}],"up":[{"embeddable":true,"href":"http:\/\/bierbrauhaus.de\/index.php?rest_route=\/wp\/v2\/pages\/312"}],"wp:attachment":[{"href":"http:\/\/bierbrauhaus.de\/index.php?rest_route=%2Fwp%2Fv2%2Fmedia&parent=337"}],"curies":[{"name":"wp","href":"https:\/\/api.w.org\/{rel}","templated":true}]}}