{"id":312,"date":"2015-03-26T10:56:45","date_gmt":"2015-03-26T10:56:45","guid":{"rendered":"http:\/\/bierbrauhaus.de\/?page_id=312"},"modified":"2023-02-17T14:34:41","modified_gmt":"2023-02-17T14:34:41","slug":"besonderes","status":"publish","type":"page","link":"http:\/\/bierbrauhaus.de\/?page_id=312","title":{"rendered":"Besonderes"},"content":{"rendered":"\n<p class=\"has-vivid-red-color has-text-color has-medium-font-size\">Gutscheine:<\/p>\n\n\n\n<p class=\"has-vivid-red-color has-text-color has-medium-font-size\">Wenn Sie noch einen Gutschein f\u00fcr unsere Gastst\u00e4tte besitzen, scheuen Sie sich nicht, per email einen Termin zum Geldr\u00fcckzahlen anzufragen.<\/p>\n\n\n<h2>Kennen Sie <span style=\"color: #993300;\">Bo\u00dfeln?<\/span><\/h2>\n<div id=\"attachment_315\" style=\"width: 440px\" class=\"wp-caption alignnone\"><a href=\"http:\/\/bierbrauhaus.de\/wp-content\/uploads\/2015\/03\/IMG_2954.jpg\"><img aria-describedby=\"caption-attachment-315\" loading=\"lazy\" class=\"wp-image-315\" src=\"http:\/\/bierbrauhaus.de\/wp-content\/uploads\/2015\/03\/IMG_2954-632x421.jpg\" alt=\"IMG_2954\" width=\"430\" height=\"287\" srcset=\"http:\/\/bierbrauhaus.de\/wp-content\/uploads\/2015\/03\/IMG_2954-632x421.jpg 632w, http:\/\/bierbrauhaus.de\/wp-content\/uploads\/2015\/03\/IMG_2954-420x280.jpg 420w, http:\/\/bierbrauhaus.de\/wp-content\/uploads\/2015\/03\/IMG_2954-1020x680.jpg 1020w\" sizes=\"(max-width: 430px) 100vw, 430px\" \/><\/a><p id=\"caption-attachment-315\" class=\"wp-caption-text\">Klick f\u00fcr Gro\u00dfformat<\/p><\/div>\n<h2><span style=\"color: #993300;\">Mongoliegrill?<br>\n<\/span><\/h2>\n<div id=\"attachment_316\" style=\"width: 440px\" class=\"wp-caption alignnone\"><a href=\"http:\/\/bierbrauhaus.de\/wp-content\/uploads\/2015\/03\/IMG_3014.jpg\"><img aria-describedby=\"caption-attachment-316\" loading=\"lazy\" class=\"wp-image-316\" src=\"http:\/\/bierbrauhaus.de\/wp-content\/uploads\/2015\/03\/IMG_3014-632x421.jpg\" alt=\"IMG_3014\" width=\"430\" height=\"287\" srcset=\"http:\/\/bierbrauhaus.de\/wp-content\/uploads\/2015\/03\/IMG_3014-632x421.jpg 632w, http:\/\/bierbrauhaus.de\/wp-content\/uploads\/2015\/03\/IMG_3014-420x280.jpg 420w, http:\/\/bierbrauhaus.de\/wp-content\/uploads\/2015\/03\/IMG_3014-1020x680.jpg 1020w\" sizes=\"(max-width: 430px) 100vw, 430px\" \/><\/a><p id=\"caption-attachment-316\" class=\"wp-caption-text\">Klick f\u00fcr Gro\u00dfformat<\/p><\/div>\n<h2><\/h2>\n<h2><span style=\"color: #993300;\">Henriette und Gustl ?&#8230;&#8230;<\/span><\/h2>\n<div id=\"attachment_370\" style=\"width: 390px\" class=\"wp-caption alignnone\"><a href=\"http:\/\/bierbrauhaus.de\/wp-content\/uploads\/2015\/03\/Henr_Gustl.jpg\"><img aria-describedby=\"caption-attachment-370\" loading=\"lazy\" class=\"wp-image-370\" src=\"http:\/\/bierbrauhaus.de\/wp-content\/uploads\/2015\/03\/Henr_Gustl-632x621.jpg\" alt=\"Henr_Gustl\" width=\"380\" height=\"373\" srcset=\"http:\/\/bierbrauhaus.de\/wp-content\/uploads\/2015\/03\/Henr_Gustl-632x621.jpg 632w, http:\/\/bierbrauhaus.de\/wp-content\/uploads\/2015\/03\/Henr_Gustl-1020x1002.jpg 1020w\" sizes=\"(max-width: 380px) 100vw, 380px\" \/><\/a><p id=\"caption-attachment-370\" class=\"wp-caption-text\">Klick f\u00fcr Gro\u00dfformat<\/p><\/div>\n<p>&nbsp;<\/p>\n<h2><span style=\"color: #993300;\">Hutfleisch frisch aus der Brennblase ?&#8230;&#8230;<\/span><\/h2>\n<p><a href=\"http:\/\/bierbrauhaus.de\/wp-content\/uploads\/2015\/03\/IMG_8467.jpg\"><img loading=\"lazy\" class=\"aligncenter size-thumbnail wp-image-793\" src=\"http:\/\/bierbrauhaus.de\/wp-content\/uploads\/2015\/03\/IMG_8467-420x280.jpg\" alt=\"IMG_8467\" width=\"420\" height=\"280\" srcset=\"http:\/\/bierbrauhaus.de\/wp-content\/uploads\/2015\/03\/IMG_8467-420x280.jpg 420w, http:\/\/bierbrauhaus.de\/wp-content\/uploads\/2015\/03\/IMG_8467-632x421.jpg 632w, http:\/\/bierbrauhaus.de\/wp-content\/uploads\/2015\/03\/IMG_8467-1020x680.jpg 1020w\" sizes=\"(max-width: 420px) 100vw, 420px\" \/><\/a><\/p>\n<h2>Wir bieten Ihnen f\u00fcr Ihre Feier oder Ihren Besuch im Bierbrauhaus besondere Erlebnisse.<\/h2>\n<h2>Seien Sie neugierig und fragen Sie unsere Kellergeister!<\/h2>","protected":false},"excerpt":{"rendered":"<p>Gutscheine: Wenn Sie noch einen Gutschein f\u00fcr unsere Gastst\u00e4tte besitzen, scheuen Sie sich nicht, per email einen Termin zum Geldr\u00fcckzahlen anzufragen. Kennen Sie Bo\u00dfeln? Mongoliegrill? Henriette und Gustl ?&#8230;&#8230; &nbsp; Hutfleisch frisch aus der Brennblase ?&#8230;&#8230; Wir bieten Ihnen f\u00fcr Ihre Feier oder Ihren Besuch im Bierbrauhaus besondere Erlebnisse. Seien Sie neugierig und fragen Sie [&hellip;]<\/p>\n","protected":false},"author":1,"featured_media":0,"parent":0,"menu_order":0,"comment_status":"closed","ping_status":"closed","template":"","meta":[],"_links":{"self":[{"href":"http:\/\/bierbrauhaus.de\/index.php?rest_route=\/wp\/v2\/pages\/312"}],"collection":[{"href":"http:\/\/bierbrauhaus.de\/index.php?rest_route=\/wp\/v2\/pages"}],"about":[{"href":"http:\/\/bierbrauhaus.de\/index.php?rest_route=\/wp\/v2\/types\/page"}],"author":[{"embeddable":true,"href":"http:\/\/bierbrauhaus.de\/index.php?rest_route=\/wp\/v2\/users\/1"}],"replies":[{"embeddable":true,"href":"http:\/\/bierbrauhaus.de\/index.php?rest_route=%2Fwp%2Fv2%2Fcomments&post=312"}],"version-history":[{"count":10,"href":"http:\/\/bierbrauhaus.de\/index.php?rest_route=\/wp\/v2\/pages\/312\/revisions"}],"predecessor-version":[{"id":1641,"href":"http:\/\/bierbrauhaus.de\/index.php?rest_route=\/wp\/v2\/pages\/312\/revisions\/1641"}],"wp:attachment":[{"href":"http:\/\/bierbrauhaus.de\/index.php?rest_route=%2Fwp%2Fv2%2Fmedia&parent=312"}],"curies":[{"name":"wp","href":"https:\/\/api.w.org\/{rel}","templated":true}]}}