{"id":31,"date":"2015-03-24T11:09:00","date_gmt":"2015-03-24T11:09:00","guid":{"rendered":"http:\/\/bierbrauhaus.de\/?page_id=31"},"modified":"2015-03-26T10:11:00","modified_gmt":"2015-03-26T10:11:00","slug":"gastronomie","status":"publish","type":"page","link":"http:\/\/bierbrauhaus.de\/?page_id=31","title":{"rendered":"Gastronomie"},"content":{"rendered":"<blockquote>\n<h2><span style=\"color: #993300;\">Urig in Obergurig<\/span><br \/>\n<span style=\"color: #993300;\"> Das Bierbrauhaus<\/span><\/h2>\n<h2>Die Kellergeister begr\u00fc\u00dfen Euch<\/h2>\n<p><a href=\"http:\/\/bierbrauhaus.de\/wp-content\/uploads\/2015\/03\/zunft_1.jpg\"><img loading=\"lazy\" class=\"alignnone  wp-image-40\" src=\"http:\/\/bierbrauhaus.de\/wp-content\/uploads\/2015\/03\/zunft_1-632x412.jpg\" alt=\"zunft_1\" width=\"485\" height=\"316\" srcset=\"http:\/\/bierbrauhaus.de\/wp-content\/uploads\/2015\/03\/zunft_1-632x412.jpg 632w, http:\/\/bierbrauhaus.de\/wp-content\/uploads\/2015\/03\/zunft_1.jpg 640w\" sizes=\"(max-width: 485px) 100vw, 485px\" \/><\/a><\/p>\n<p>&nbsp;<\/p>\n<h2><span style=\"color: #993300;\">Malz<\/span>lich Willkommen in unseren Kellern.<br \/>\n<span style=\"color: #993300;\">Wasser<\/span> erwartet habt, soll sich erf\u00fcllen.<br \/>\n<span style=\"color: #993300;\">Hopfen<\/span>tlich ist genug auf den Tellern,<br \/>\nUm g<span style=\"color: #993300;\">hefe<\/span>rlichen Hunger und Durst zu stillen.<br \/>\nUps &#8211; wir wollten doch nicht alles nennen,<br \/>\nnun erlebt das Brauen, Braten und Brennen.<\/h2>\n<\/blockquote>\n","protected":false},"excerpt":{"rendered":"<p>Urig in Obergurig Das Bierbrauhaus Die Kellergeister begr\u00fc\u00dfen Euch &nbsp; Malzlich Willkommen in unseren Kellern. Wasser erwartet habt, soll sich erf\u00fcllen. Hopfentlich ist genug auf den Tellern, Um gheferlichen Hunger und Durst zu stillen. Ups &#8211; wir wollten doch nicht alles nennen, nun erlebt das Brauen, Braten und Brennen.<\/p>\n","protected":false},"author":1,"featured_media":0,"parent":0,"menu_order":0,"comment_status":"closed","ping_status":"closed","template":"","meta":[],"_links":{"self":[{"href":"http:\/\/bierbrauhaus.de\/index.php?rest_route=\/wp\/v2\/pages\/31"}],"collection":[{"href":"http:\/\/bierbrauhaus.de\/index.php?rest_route=\/wp\/v2\/pages"}],"about":[{"href":"http:\/\/bierbrauhaus.de\/index.php?rest_route=\/wp\/v2\/types\/page"}],"author":[{"embeddable":true,"href":"http:\/\/bierbrauhaus.de\/index.php?rest_route=\/wp\/v2\/users\/1"}],"replies":[{"embeddable":true,"href":"http:\/\/bierbrauhaus.de\/index.php?rest_route=%2Fwp%2Fv2%2Fcomments&post=31"}],"version-history":[{"count":6,"href":"http:\/\/bierbrauhaus.de\/index.php?rest_route=\/wp\/v2\/pages\/31\/revisions"}],"predecessor-version":[{"id":276,"href":"http:\/\/bierbrauhaus.de\/index.php?rest_route=\/wp\/v2\/pages\/31\/revisions\/276"}],"wp:attachment":[{"href":"http:\/\/bierbrauhaus.de\/index.php?rest_route=%2Fwp%2Fv2%2Fmedia&parent=31"}],"curies":[{"name":"wp","href":"https:\/\/api.w.org\/{rel}","templated":true}]}}