{"id":309,"date":"2015-03-26T10:39:30","date_gmt":"2015-03-26T10:39:30","guid":{"rendered":"http:\/\/bierbrauhaus.de\/?page_id=309"},"modified":"2015-03-26T10:39:33","modified_gmt":"2015-03-26T10:39:33","slug":"impressum","status":"publish","type":"page","link":"http:\/\/bierbrauhaus.de\/?page_id=309","title":{"rendered":"Impressum"},"content":{"rendered":"<div id=\"txt_5\">\n<p class=\"Body-P\" style=\"text-align: left;\"><span class=\"Body-C\">Verantwortlich f\u00fcr den Inhalt dieser Internetseiten<\/span><\/p>\n<p class=\"Body-P\" style=\"text-align: left;\"><span class=\"Body-C\">Gem\u00e4\u00df \u00a710 MDStV:<\/span><\/p>\n<p class=\"Body-P\" style=\"text-align: left;\"><span class=\"Body-C\">Grit Michalk\/ Heike Kunz<br \/>\n<\/span><\/p>\n<p class=\"Body-P\" style=\"text-align: left;\"><span class=\"Body-C\">Am Dorfplatz 2 \/Wilthener Stra\u00dfe 42<\/span><\/p>\n<p class=\"Body-P\" style=\"text-align: left;\"><span class=\"Body-C\">02692 Obergurig<\/span><\/p>\n<p class=\"Body-P\" style=\"text-align: left;\"><span class=\"Body-C-C0\">Rechtshinweis zu den Links<\/span><\/p>\n<p class=\"Body-P\" style=\"text-align: left;\"><span class=\"Body-C-C0\">Mit Urteil vom 12. Mai 1998 hat das Landgericht Hamburg \u00a0entschieden, dass man durch die Ausbringung eines Links die Inhalte der \u00a0gelinkten Seite ggf. mit zu verantworten hat. Dies kann &#8211;<wbr \/> so das LG &#8211;<wbr \/> nur \u00a0dadurch verhindert werden, dass man sich ausdr\u00fccklich von diesen Inhalten \u00a0distanziert. Wir haben auf dieser Seite Links zu anderen Seiten im Internet \u00a0gelegt. F\u00fcr all diese Links gilt:<\/span><\/p>\n<p class=\"Body-P\" style=\"text-align: left;\"><span class=\"Body-C-C0\">Wir betonen ausdr\u00fccklich, dass wir keinerlei Einfluss auf die Gestaltung und die Inhalte der gelinkten Seiten haben. Deshalb distanzieren wir uns hiermit ausdr\u00fccklich von allen Inhalten aller \u00a0gelinkten Seiten auf dieser Homepage und machen uns ihre Inhalte nicht \u00a0zu Eigen.,<\/span><\/p>\n<p class=\"Body-P\" style=\"text-align: left;\"><span class=\"Body-C-C0\">Alle anderen Informationen und Bildmaterialien sind ein Service des Bierbrauhaus.<\/span><\/p>\n<p class=\"Body-P\" style=\"text-align: left;\"><span class=\"Body-C-C0\">F\u00fcr deren Richtigkeit, Vollst\u00e4ndigkeit und Aktualit\u00e4t \u00fcbernimmt das Bierbrauhaus keine Haftung<\/span><\/p>\n<p class=\"Body-P\" style=\"text-align: left;\"><span class=\"Body-C-C0\">Inhalt und Struktur der Internetseiten des Bierbrauhaus sind urheberrechtlich gesch\u00fctzt. Die<\/span><\/p>\n<p class=\"Body-P\" style=\"text-align: left;\"><span class=\"Body-C-C0\">Verfiervielf\u00e4ltigung von Informationen oder Daten, insbesondere die Verwendung des Bildmaterials f\u00fcr kommerzielle Zwecke bedarf der ausdr\u00fccklichen vorherigen Zustimmung des Bierbrauhaus.<\/span><\/p>\n<p class=\"Body-P\" style=\"text-align: left;\"><span class=\"Body-C-C0\">Die \u00a0Verwendung grafischer Elemente und gestalterischer Details dieser Internetseiten ist nicht gestattet und wird strafrechtlich verfolgt<\/span><\/p>\n<\/div>\n","protected":false},"excerpt":{"rendered":"<p>Verantwortlich f\u00fcr den Inhalt dieser Internetseiten Gem\u00e4\u00df \u00a710 MDStV: Grit Michalk\/ Heike Kunz Am Dorfplatz 2 \/Wilthener Stra\u00dfe 42 02692 Obergurig Rechtshinweis zu den Links Mit Urteil vom 12. Mai 1998 hat das Landgericht Hamburg \u00a0entschieden, dass man durch die Ausbringung eines Links die Inhalte der \u00a0gelinkten Seite ggf. mit zu verantworten hat. Dies kann [&hellip;]<\/p>\n","protected":false},"author":1,"featured_media":0,"parent":0,"menu_order":0,"comment_status":"closed","ping_status":"closed","template":"","meta":[],"_links":{"self":[{"href":"http:\/\/bierbrauhaus.de\/index.php?rest_route=\/wp\/v2\/pages\/309"}],"collection":[{"href":"http:\/\/bierbrauhaus.de\/index.php?rest_route=\/wp\/v2\/pages"}],"about":[{"href":"http:\/\/bierbrauhaus.de\/index.php?rest_route=\/wp\/v2\/types\/page"}],"author":[{"embeddable":true,"href":"http:\/\/bierbrauhaus.de\/index.php?rest_route=\/wp\/v2\/users\/1"}],"replies":[{"embeddable":true,"href":"http:\/\/bierbrauhaus.de\/index.php?rest_route=%2Fwp%2Fv2%2Fcomments&post=309"}],"version-history":[{"count":1,"href":"http:\/\/bierbrauhaus.de\/index.php?rest_route=\/wp\/v2\/pages\/309\/revisions"}],"predecessor-version":[{"id":310,"href":"http:\/\/bierbrauhaus.de\/index.php?rest_route=\/wp\/v2\/pages\/309\/revisions\/310"}],"wp:attachment":[{"href":"http:\/\/bierbrauhaus.de\/index.php?rest_route=%2Fwp%2Fv2%2Fmedia&parent=309"}],"curies":[{"name":"wp","href":"https:\/\/api.w.org\/{rel}","templated":true}]}}