{"id":16,"date":"2015-03-24T09:43:53","date_gmt":"2015-03-24T09:43:53","guid":{"rendered":"http:\/\/bierbrauhaus.de\/?page_id=16"},"modified":"2023-02-17T14:23:23","modified_gmt":"2023-02-17T14:23:23","slug":"aktuelles","status":"publish","type":"page","link":"http:\/\/bierbrauhaus.de\/?page_id=16","title":{"rendered":"Aktuelles"},"content":{"rendered":"\n<p>Auch 2023 k\u00f6nnt Ihr weiterhin unser Bier u.a. Spezialit\u00e4ten genie\u00dfen!<\/p>\n\n\n\n<p><strong>Ihr findet uns:<\/strong><\/p>\n\n\n\n<p>-> <strong>04.03.2023 <\/strong>Bosseln (Stra\u00dfenkegeln) ab 11 Uhr im <strong>Bierbrauhaus<\/strong> (bitte anmelden per email)<\/p>\n\n\n\n<p>-> <strong>25.+26.03.23<\/strong> zum Handwerkermarkt in <strong>Spremberg <\/strong>Gleis 19<\/p>\n\n\n\n<p>-> <strong>09.04.23<\/strong> zum Eierschieben auf dem Protschenberg in <strong>Bautzen<\/strong><\/p>\n\n\n\n<p>-> <strong>29.04.23<\/strong> zum Naturmarkt in <strong>Wartha<\/strong><\/p>\n\n\n\n<p>-> <strong>18.05.23<\/strong> zum M\u00e4nnertag im <strong>Bierbrauhaus<\/strong><\/p>\n\n\n\n<p>-> <strong>08.+09.07.2023<\/strong> zum Folklorefestival in<strong> Crostwitz<\/strong><\/p>\n\n\n\n<p>-> <strong>01.-03.09.2023<\/strong> zum Altstadtfestival in <strong>Bautzen<\/strong><\/p>\n\n\n\n<p>-> <strong>09.09.2023<\/strong> zum Herbstmarkt in <strong>Wartha<\/strong><\/p>\n","protected":false},"excerpt":{"rendered":"<p>Auch 2023 k\u00f6nnt Ihr weiterhin unser Bier u.a. Spezialit\u00e4ten genie\u00dfen! Ihr findet uns: -> 04.03.2023 Bosseln (Stra\u00dfenkegeln) ab 11 Uhr im Bierbrauhaus (bitte anmelden per email) -> 25.+26.03.23 zum Handwerkermarkt in Spremberg Gleis 19 -> 09.04.23 zum Eierschieben auf dem Protschenberg in Bautzen -> 29.04.23 zum Naturmarkt in Wartha -> 18.05.23 zum M\u00e4nnertag im Bierbrauhaus [&hellip;]<\/p>\n","protected":false},"author":1,"featured_media":19,"parent":0,"menu_order":0,"comment_status":"closed","ping_status":"closed","template":"","meta":[],"_links":{"self":[{"href":"http:\/\/bierbrauhaus.de\/index.php?rest_route=\/wp\/v2\/pages\/16"}],"collection":[{"href":"http:\/\/bierbrauhaus.de\/index.php?rest_route=\/wp\/v2\/pages"}],"about":[{"href":"http:\/\/bierbrauhaus.de\/index.php?rest_route=\/wp\/v2\/types\/page"}],"author":[{"embeddable":true,"href":"http:\/\/bierbrauhaus.de\/index.php?rest_route=\/wp\/v2\/users\/1"}],"replies":[{"embeddable":true,"href":"http:\/\/bierbrauhaus.de\/index.php?rest_route=%2Fwp%2Fv2%2Fcomments&post=16"}],"version-history":[{"count":149,"href":"http:\/\/bierbrauhaus.de\/index.php?rest_route=\/wp\/v2\/pages\/16\/revisions"}],"predecessor-version":[{"id":1636,"href":"http:\/\/bierbrauhaus.de\/index.php?rest_route=\/wp\/v2\/pages\/16\/revisions\/1636"}],"wp:featuredmedia":[{"embeddable":true,"href":"http:\/\/bierbrauhaus.de\/index.php?rest_route=\/wp\/v2\/media\/19"}],"wp:attachment":[{"href":"http:\/\/bierbrauhaus.de\/index.php?rest_route=%2Fwp%2Fv2%2Fmedia&parent=16"}],"curies":[{"name":"wp","href":"https:\/\/api.w.org\/{rel}","templated":true}]}}